{"id":3900,"date":"2022-04-06T08:07:57","date_gmt":"2022-04-06T05:07:57","guid":{"rendered":"https:\/\/www.livingsmart.io\/tool\/konfidencialitates-politika\/"},"modified":"2022-04-18T20:45:27","modified_gmt":"2022-04-18T17:45:27","slug":"konfidencialitates-politika","status":"publish","type":"page","link":"https:\/\/www.livingsmart.io\/tool\/konfidencialitates-politika\/?lang=lv","title":{"rendered":"Konfidencialit\u0101tes politika"},"content":{"rendered":"<h2><strong>Konfidencialit\u0101tes politika<\/strong><\/h2>\r\n\r\n<h2><strong>Ievads<\/strong><\/h2>\r\nM\u0113s respekt\u0113jam J\u016bsu priv\u0101tumu un m\u016bsu personas datu aizsardz\u012bbas vadl\u012bnijas ir uzrakst\u012btas saska\u0146\u0101 ar \u201cVisp\u0101r\u012bgo datu aizsardz\u012bbas regulu\u201d. T\u012bmek\u013ca vietnes <em>livingsmart.io<\/em> priv\u0101tuma politikas m\u0113r\u0137is ir attainot, k\u0101 m\u0113s r\u012bkojamies ar visiem personas datiem, kuri tiek sniegti, apmekl\u0113jot un re\u0123istr\u0113joties vietn\u0113 <em>livingsmart.io<\/em>. Protams, ja neesat apmierin\u0101ts ar t\u012bmek\u013ca vietnes priv\u0101tuma politiku, jums nevajadz\u0113tu apmekl\u0113t \u0161o vietni\r\n\r\nApmekl\u0113jot \u0161o vietni un noklik\u0161\u0137inot <strong>&#8220;akcept\u0113t&#8221;<\/strong>, J\u016bs piekr\u012btat \u0161\u012bs vietnes konfidencialit\u0101tes politikas noteikumiem un re\u0123istr\u0113joties \u0161aj\u0101 vietn\u0113, j\u016bs piekr\u012btat, ka j\u016bsu personas dati tiks apstr\u0101d\u0101ti saska\u0146\u0101 ar ES regulu 2018\/1725.  Jebk\u0101das \u0101r\u0113j\u0101s saites uz cit\u0101m vietn\u0113m ir skaidri identific\u0113jamas k\u0101 t\u0101das, un m\u0113s neesam atbild\u012bgi par \u0161o citu viet\u0146u satura vai priv\u0101tuma politiku.\r\n\r\n<h3><strong>Apkopot\u0101s inform\u0101cijas veidi<\/strong><\/h3>\r\nPersonas dati ir dati, kas J\u016bs identific\u0113 vai kurus var izmantot, lai J\u016bs identific\u0113tu vai ar Jums sazin\u0101tos, piem\u0113ram, v\u0101rds, uzv\u0101rds, adrese, e-pasta adrese, t\u0101lru\u0146a numurs. \r\n\r\n<h3><strong>Personas datu apstr\u0101des nol\u016bks<\/strong><\/h3>\r\nM\u0113s ieg\u016bstam t\u0101dus personas datus, ko J\u016bs mums br\u012bvpr\u0101t\u012bgi sniedzat ar e-pasta starpniec\u012bbu, aizpildot t\u012bmekl\u012b re\u0123istr\u0101cijas formu. K\u0101 ar\u012b J\u016bsu m\u0101jsaimniec\u012bbas elektroier\u012b\u010du aprakstu un energopat\u0113ri\u0146a r\u0101d\u012bt\u0101jus, lai sp\u0113tu nov\u0113rt\u0113t J\u016bsu m\u0101jsaimniec\u012bb\u0101 notieko\u0161os ener\u0123ijas procesus. \r\n\r\nDatu nodo\u0161ana un apstr\u0101d\u0101\u0161ana ir nepiecie\u0161ama, un noteikt\u0101 k\u0101rt\u012bb\u0101 piepras\u012bta \u0161\u0101dos gad\u012bjumos:\r\n<ul>\r\n <li>klienta identific\u0113\u0161anai;<\/li>\r\n <li>energoefektivit\u0101tes kalkulatora un kalkul\u0101ciju izpildei;<\/li>\r\n <li>lai sazin\u0101tos ar Jums, ja tas nepiecie\u0161ams saist\u012bb\u0101 ar jebk\u0101du aizpild\u012btu pieteikuma formu;<\/li>\r\n <li>lai atbild\u0113tu uz jebkuru J\u016bsu uzdoto jaut\u0101jumu<\/li>\r\n<\/ul>\r\n\r\n<h3><strong>Datu nodo\u0161ana tre\u0161aj\u0101m person\u0101m<\/strong><\/h3>\r\nDatu nodo\u0161ana tre\u0161aj\u0101m person\u0101m notiek saska\u0146\u0101 ar J\u016bsu skaidru piekri\u0161anu. Sada\u013c\u0101 \u201cJaut\u0101 ekspertam\u201d atbilsto\u0161i J\u016bsu izv\u0113l\u0113tajai energoefektivit\u0101tes t\u0113mai J\u016bsu jaut\u0101jums un dati (e-pasts) tiek nos\u016bt\u012bts<em>SmartLiving<\/em> projekta komandai. \r\n\r\n<h3><strong>Dro\u0161\u012bba<\/strong><\/h3>\r\nJ\u016bsu personas dati tiek glab\u0101ti m\u016bsu r\u012bc\u012bb\u0101 eso\u0161os, dro\u0161os serveros. Diem\u017e\u0113l interneta daba ir t\u0101da, ka nevaram garant\u0113t vai galvot par jebk\u0101das J\u016bsu izpaust\u0101s inform\u0101cijas dro\u0161\u012bbu, kura tiek nodota mums.\r\n\r\nInternets. Neviena datu p\u0101rnese Interneta vid\u0113 nekad neb\u016bs 100% dro\u0161a. Ta\u010du m\u0113s veiksim visus nepiecie\u0161amos pas\u0101kumus (ieskaitot atbilsto\u0161os tehniskos un organizatoriskos pas\u0101kumus), lai aizsarg\u0101tu J\u016bsu personas datus.\r\n\r\n<h3><strong>Personas datu glab\u0101\u0161anas ilgums<\/strong><\/h3>\r\nVisi no Jums ieg\u016btie personas dati tiek glab\u0101ti tik ilgi, cik nepiecie\u0161ams izmanto\u0161anas aktivit\u0101tes m\u0113r\u0137im vai kam\u0113r J\u016bs neatsaucat savu piekri\u0161anu.\r\n\r\nJums ir ties\u012bbas pan\u0101kt savu datu apstr\u0101des ierobe\u017eo\u0161anu vai dz\u0113\u0161anu bez nepamatotas kav\u0113\u0161an\u0101s. \r\n\r\nJ\u016bs varat inform\u0113t m\u016bs par vis\u0101m izmai\u0146\u0101m saist\u012bb\u0101 ar J\u016bsu personas datiem un saska\u0146\u0101 ar Visp\u0101r\u012bg\u0101s datu aizsardz\u012bbas regulu m\u0113s atjaunin\u0101sim vai izdz\u0113s\u012bsim J\u016bsu personas datus. Lai uzzin\u0101tu, k\u0101dus personas datus \u0161obr\u012bd par Jums tiek glab\u0101ti vai, ja v\u0113laties personas datus atjaunot, groz\u012bt vai no\u0146emt no datu b\u0101zes, l\u016bdzam, rakst\u012bt uz  <a href=\"mailto:info@greentechlatvia.eu\"><em>info@greentechlatvia.eu<\/em><\/a>\r\n\r\n<h2><strong>S\u012bkfaili<\/strong><\/h2>\r\nVietn\u0113 <em>www.livingsmart.io<\/em> tiek izmantotas s\u012bkdatnes (ang\u013cu valod\u0101 \u201ccookies\u201c).\r\n\r\n<h3><strong>Kas ir s\u012bkfaili?<\/strong><\/h3>\r\nS\u012bkdatne ir neliela teksta datne, kas tiek nos\u016bt\u012bta uz J\u016bsu datoru vai mobilo iek\u0101rtu t\u012bmek\u013ca vietnes apmekl\u0113\u0161an\u0101s laik\u0101 un ko t\u012bmek\u013ca vietne saglab\u0101 j\u016bsu dator\u0101 vai mobilaj\u0101 ier\u012bc\u0113, kad j\u016bs atverat vietni. Katr\u0101 turpm\u0101kaj\u0101 apmekl\u0113juma reiz\u0113 s\u012bkdatnes tiek nos\u016bt\u012btas atpaka\u013c uz izcelsmes m\u0101jas lapu vai uz citu m\u0101jas lapu, kas atpaz\u012bst \u0161o s\u012bkdatni. S\u012bkdatnes darbojas k\u0101 konkr\u0113tas m\u0101jas lapas atmi\u0146a, \u013caujot \u0161ai lapai atcer\u0113ties J\u016bsu datoru n\u0101kamaj\u0101s apmekl\u0113juma reiz\u0113s, tai skait\u0101 s\u012bkdatnes var atcer\u0113ties J\u016bsu iestat\u012bjumus vai uzlabot lietot\u0101ja \u0113rt\u012bbas. Papildu inform\u0101ciju par s\u012bkdatn\u0113m, k\u0101 ar\u012b k\u0101 t\u0101s iesp\u0113jams p\u0101rvald\u012bt vai izdz\u0113st, varat ieg\u016bt m\u0101jaslap\u0101 <a href=\"http:\/\/www.aboutcookies.org\"><em>www.aboutcookies.org<\/em><\/a><em>.<\/em>\r\n\r\nVietnes \u012bpa\u0161nieka iestat\u012btos s\u012bkdatnes sauc par &#8220;pirm\u0101s puses s\u012bkdatn\u0113m&#8221;. S\u012bkdatnes, ko iestat\u012bju\u0161as citas puses, nevis vietnes \u012bpa\u0161nieks, sauc par &#8220;tre\u0161\u0101s puses s\u012bkdatn\u0113m&#8221;. Tre\u0161o pu\u0161u s\u012bkdatnes \u013cauj nodro\u0161in\u0101t tre\u0161o pu\u0161u funkcijas vai funkcionalit\u0101ti vietn\u0113 vai ar t\u0101s starpniec\u012bbu (piem\u0113ram, rekl\u0101ma, interakt\u012bvs saturs un anal\u012btika).  Puses, kas iestata \u0161\u012bs tre\u0161o pu\u0161u s\u012bkdatnes, var atpaz\u012bt j\u016bsu datoru gan tad, kad tas apmekl\u0113 attiec\u012bgo t\u012bmek\u013ca vietni, gan ar\u012b apmekl\u0113jot noteiktas citas t\u012bmek\u013ca vietnes.\r\n\r\n<h3><strong>K\u0101 m\u0113s izmantojam s\u012bkdatnes?<\/strong><\/h3>\r\nVietne <em>www.livingsmart.io<\/em> izmanto s\u012bkfailus, lai:\r\n<ul>\r\n \t<li>m\u0101jaslapa atcer\u0113tos izdar\u012bto izv\u0113li saist\u012bb\u0101 ar s\u012bkdat\u0146u izmanto\u0161anu m\u0101jaslap\u0101;<\/li>\r\n \t<li>analiz\u0113tu un izprast, k\u0101 vietnes apmekl\u0113t\u0101ji mijiedarbojas ar t\u012bmek\u013ca vietni, k\u0101 ar\u012b analiz\u0113tu apmekl\u0113t\u0101ju skaitu un intensit\u0101ti.<\/li>\r\n<\/ul>\r\nAr s\u012bkdatn\u0113m saist\u012bt\u0101 inform\u0101cija netiek izmantota, lai J\u016bs personiski identific\u0113tu.\r\n\r\n<h2><strong>Google Analytics<\/strong><\/h2>\r\n\r\nT\u012bmek\u013ca vietn\u0113 ir uzst\u0101d\u012bts \u201cGoogle Inc\u201d izveidot\u0101s programmas \u201cGoogle Analytics\u201d veidot\u0101s s\u012bkdatnes. \u201cGoogle Analytics\u201d s\u012bkdat\u0146u izmanto\u0161anas m\u0113r\u0137is ir t\u012bmek\u013ca vietnes satura kvalit\u0101tes uzlabo\u0161ana un satura piel\u0101go\u0161ana lietot\u0101ju vajadz\u012bb\u0101m. Pla\u0161\u0101k par \u201cGoogle Analytics\u201d pakalpojuma snieg\u0161anas noteikumiem var iepaz\u012bties m\u0101jaslap\u0101 <em>http:\/\/www.google.com\/analytics\/terms\/us.html.<\/em>\r\n\r\nJa J\u016bs v\u0113laties, lai vietne neieg\u016bst inform\u0101ciju par J\u016bsu aktivit\u0101t\u0113m, Jums j\u0101aktiviz\u0113 Google Analytics Opt-out Browser Add-on <em>(https:\/\/support.google.com\/analytics\/answer\/181881).<\/em> papildr\u012bks. \u0160is papildr\u012bks sazin\u0101s ar Google Analytics JavaScript (ga.js), lai nor\u0101d\u012btu, ka dati par attiec\u012bgo interneta vietnes apmekl\u0113jumu nav j\u0101s\u016bta uz \u201cGoogle Analytics\u201d.\r\n\r\n<h3><strong>K\u0101 p\u0101rvald\u012bt s\u012bkdatnes?<\/strong><\/h3>\r\nS\u012bkdatnes ir iesp\u0113jams p\u0101rvald\u012bt un dz\u0113st jebkur\u0101 br\u012bd\u012b. Detaliz\u0113tu inform\u0101ciju aicin\u0101m mekl\u0113t <em>aboutcookies.org<\/em>\r\n\r\n<h3><strong>S\u012bkdat\u0146u dz\u0113\u0161ana un blo\u0137\u0113\u0161ana<\/strong><\/h3>\r\n\r\nVarat izdz\u0113st visas s\u012bkdatnes, kuras ir j\u016bsu dator\u0101, un liel\u0101ko da\u013cu p\u0101rl\u016bkprogrammu var iestat\u012bt t\u0101, lai tiktu blo\u0137\u0113ta s\u012bkdat\u0146u ievieto\u0161ana dator\u0101. Ta\u010du t\u0101d\u0101 gad\u012bjum\u0101 Jums b\u016bs pa\u0161roc\u012bgi j\u0101piel\u0101go da\u017ei iestat\u012bjumi ikreiz, kad apmekl\u0113siet m\u016bsu m\u0101jaslapu. L\u016bdzam \u0146em v\u0113r\u0101, ka s\u012bkdat\u0146u blo\u0137\u0113\u0161ana var ietekm\u0113t vietnes p\u0101rl\u016bko\u0161anu.","protected":false},"excerpt":{"rendered":"Konfidencialit\u0101tes politika Ievads M\u0113s respekt\u0113jam J\u016bsu priv\u0101tumu un m\u016bsu personas datu aizsardz\u012bbas vadl\u012bnijas ir uzrakst\u012btas saska\u0146\u0101 ar \u201cVisp\u0101r\u012bgo datu aizsardz\u012bbas regulu\u201d. T\u012bmek\u013ca vietnes livingsmart.io priv\u0101tuma politikas m\u0113r\u0137is ir attainot, k\u0101 m\u0113s r\u012bkojamies ar visiem personas datiem, kuri tiek sniegti, apmekl\u0113jot un re\u0123istr\u0113joties vietn\u0113 livingsmart.io. Protams, ja neesat apmierin\u0101ts ar t\u012bmek\u013ca vietnes priv\u0101tuma politiku, jums nevajadz\u0113tu [&hellip;]","protected":false},"author":1,"featured_media":0,"parent":0,"menu_order":0,"comment_status":"closed","ping_status":"closed","template":"fullwidth.php","meta":[],"_links":{"self":[{"href":"https:\/\/www.livingsmart.io\/tool\/wp-json\/wp\/v2\/pages\/3900"}],"collection":[{"href":"https:\/\/www.livingsmart.io\/tool\/wp-json\/wp\/v2\/pages"}],"about":[{"href":"https:\/\/www.livingsmart.io\/tool\/wp-json\/wp\/v2\/types\/page"}],"author":[{"embeddable":true,"href":"https:\/\/www.livingsmart.io\/tool\/wp-json\/wp\/v2\/users\/1"}],"replies":[{"embeddable":true,"href":"https:\/\/www.livingsmart.io\/tool\/wp-json\/wp\/v2\/comments?post=3900"}],"version-history":[{"count":9,"href":"https:\/\/www.livingsmart.io\/tool\/wp-json\/wp\/v2\/pages\/3900\/revisions"}],"predecessor-version":[{"id":3928,"href":"https:\/\/www.livingsmart.io\/tool\/wp-json\/wp\/v2\/pages\/3900\/revisions\/3928"}],"wp:attachment":[{"href":"https:\/\/www.livingsmart.io\/tool\/wp-json\/wp\/v2\/media?parent=3900"}],"curies":[{"name":"wp","href":"https:\/\/api.w.org\/{rel}","templated":true}]}}